{"id":491,"date":"2023-04-18T04:39:25","date_gmt":"2023-04-18T04:39:25","guid":{"rendered":"https:\/\/tayka-hoteles.com\/?page_id=491"},"modified":"2023-04-28T02:35:18","modified_gmt":"2023-04-28T02:35:18","slug":"la-comunidad-soniquera","status":"publish","type":"page","link":"https:\/\/tayka-hoteles.com\/index.php\/la-comunidad-soniquera\/","title":{"rendered":"La Comunidad Soniquera"},"content":{"rendered":"<p>[et_pb_section fb_built=&#8221;1&#8243; _builder_version=&#8221;4.20.4&#8243; _module_preset=&#8221;default&#8221; custom_margin=&#8221;-10px|||||&#8221; custom_padding=&#8221;62px||3px|||&#8221; hover_enabled=&#8221;0&#8243; global_colors_info=&#8221;{}&#8221; title_text=&#8221;Soniquera Tayka Hotel&#8221; background_image=&#8221;http:\/\/tayka-hoteles.com\/wp-content\/uploads\/2023\/04\/Soniquera-Tayka-Hotel.jpg&#8221; sticky_enabled=&#8221;0&#8243;][et_pb_row _builder_version=&#8221;4.20.4&#8243; _module_preset=&#8221;default&#8221; global_colors_info=&#8221;{}&#8221;][et_pb_column type=&#8221;4_4&#8243; _builder_version=&#8221;4.20.4&#8243; _module_preset=&#8221;default&#8221; global_colors_info=&#8221;{}&#8221;][et_pb_text _builder_version=&#8221;4.20.4&#8243; _module_preset=&#8221;12edaa55-0230-49d3-8229-cb5bc412cd8b&#8221; text_font_size=&#8221;20px&#8221; header_2_font=&#8221;Alata|700|||||||&#8221; header_2_text_align=&#8221;center&#8221; header_2_text_color=&#8221;#FFFFFF&#8221; header_2_font_size=&#8221;50px&#8221; width=&#8221;100%&#8221; custom_margin=&#8221;|-115px|||false|false&#8221; custom_padding=&#8221;|0px||0px|false|true&#8221; hover_enabled=&#8221;0&#8243; global_colors_info=&#8221;{}&#8221; sticky_enabled=&#8221;0&#8243; header_font=&#8221;Alata|700|||||||&#8221; header_text_color=&#8221;#FFFFFF&#8221; header_font_size=&#8221;50px&#8221; header_text_align=&#8221;center&#8221; text_text_color=&#8221;#FFFFFF&#8221; text_orientation=&#8221;center&#8221; text_font=&#8221;Alata|700|||||||&#8221; text_font_size_last_edited=&#8221;on|phone&#8221; text_font_size_phone=&#8221;&#8221; header_text_align_last_edited=&#8221;on|phone&#8221; header_text_align_tablet=&#8221;center&#8221; header_text_align_phone=&#8221;center&#8221; header_font_size_last_edited=&#8221;on|phone&#8221; header_font_size_tablet=&#8221;40px&#8221; header_font_size_phone=&#8221;30px&#8221; text_font_size_tablet=&#8221;20px&#8221;]<\/p>\n<h1 style=\"text-align: center;\">La comunidad de Soniquera<\/h1>\n<p>[\/et_pb_text][\/et_pb_column][\/et_pb_row][\/et_pb_section][et_pb_section fb_built=&#8221;1&#8243; admin_label=&#8221;Membership&#8221; _builder_version=&#8221;4.20.0&#8243; _module_preset=&#8221;default&#8221; custom_padding=&#8221;5px|||||&#8221; collapsed=&#8221;on&#8221; global_colors_info=&#8221;{}&#8221;][et_pb_row _builder_version=&#8221;4.20.4&#8243; _module_preset=&#8221;default&#8221; width=&#8221;90%&#8221; global_colors_info=&#8221;{}&#8221;][et_pb_column type=&#8221;4_4&#8243; _builder_version=&#8221;4.20.4&#8243; _module_preset=&#8221;default&#8221; background_color=&#8221;#FFFFFF&#8221; custom_padding=&#8221;||||false|false&#8221; global_colors_info=&#8221;{}&#8221;][et_pb_text _builder_version=&#8221;4.20.4&#8243; _module_preset=&#8221;4a67fde0-2e35-48ae-bf28-e67573c7ca8b&#8221; custom_margin=&#8221;|0px|||false|false&#8221; custom_margin_tablet=&#8221;|0px|||false|false&#8221; custom_margin_phone=&#8221;|0px|||false|false&#8221; custom_margin_last_edited=&#8221;on|desktop&#8221; custom_padding=&#8221;|0px||0px|false|true&#8221; global_colors_info=&#8221;{}&#8221;]<\/p>\n<p style=\"text-align: justify;\">A diferencia del resto de los Hoteles Tayka, la Asociaci\u00f3n Comunitaria del Hotel del Desierto se encuentra a varios kil\u00f3metros del Hotel, en la poblaci\u00f3n de Zoniquera.<\/p>\n<p style=\"text-align: justify;\">Zoniquera es una poblaci\u00f3n que se encuentra dentro del municipio de Colcha K, a 410 km. Al sud oeste de Potosi \u2013 Bolivia. La regi\u00f3n se caracteriza por un clima \u00e1rido y una altitud que va desde los 3,600 a los 5,000 m.s.n.m. lo cual disminuye dr\u00e1sticamente las posibilidades agr\u00edcolas en la zona. La principal actividad econ\u00f3mica est\u00e1 vinculada a los cam\u00e9lidos. En los \u00faltimos a\u00f1os algunos pobladores de Zoniquera se han dedicado tambi\u00e9n al turismo, siendo operadores de peque\u00f1as agencias de viajes que operan por la zona.<\/p>\n<p style=\"text-align: justify;\">La Asociaci\u00f3n Comunitaria de este Hotel se denomina ACOTA (Asociaci\u00f3n Comunitaria de Zoniquera Tucuypaj Allin). Todos los pobladores de Zoniquera con tambi\u00e9n miembros de ACOTA, por lo que esta asociaci\u00f3n es la m\u00e1s grande.<\/p>\n<p style=\"text-align: justify;\">Actualmente, la Asociaci\u00f3n es due\u00f1a cuarenta por ciento del Hotel. Los ingresos que recibe por dividendos, junto con el d\u00f3lar por turista, le han permitido a ACOTA emprender varios proyectos: junto con la Fundaci\u00f3n IES (el otro socio del Hotel y gestor del Proyecto Tayka) financiaron la ampliaci\u00f3n del Hotel, que pas\u00f3 de tener 14 habitaciones a tener 28. ACOTA tambi\u00e9n ha pagado un bono para los adultos mayores y comprado insumos m\u00e9dicos para mejorar la atenci\u00f3n dental en Zoniquera. Adem\u00e1s, desde hace vario a\u00f1os que la comunidad trabaja para conseguir su siguiente sue\u00f1o: la construcci\u00f3n de un segundo hotel, este en las inmediaciones de Zoniquera, para captar m\u00e1s turistas de la zona.<\/p>\n<p style=\"text-align: justify;\">Despertar y alimentar esta capacidad de so\u00f1ar, es uno de los resultados m\u00e1s importantes del Proyecto Tayka: que luego de quince a\u00f1os de trabajo est\u00e1 logrando lo que siempre quiso que sus habitantes dejen de paisaje y se conviertan en actores de su propio desarrollo.<\/p>\n<p>[\/et_pb_text][\/et_pb_column][\/et_pb_row][\/et_pb_section][et_pb_section fb_built=&#8221;1&#8243; _builder_version=&#8221;4.20.4&#8243; _module_preset=&#8221;default&#8221; global_colors_info=&#8221;{}&#8221;][et_pb_row _builder_version=&#8221;4.20.4&#8243; _module_preset=&#8221;default&#8221; global_colors_info=&#8221;{}&#8221;][et_pb_column type=&#8221;4_4&#8243; _builder_version=&#8221;4.20.4&#8243; _module_preset=&#8221;default&#8221; global_colors_info=&#8221;{}&#8221;][et_pb_slider use_bg_overlay=&#8221;on&#8221; _builder_version=&#8221;4.20.4&#8243; _module_preset=&#8221;default&#8221; header_font=&#8221;Alata|700|||||||&#8221; body_font=&#8221;Alata||||||||&#8221; custom_margin=&#8221;|0px||0px|false|true&#8221; custom_padding=&#8221;|0px||0px|false|true&#8221; global_colors_info=&#8221;{}&#8221;][et_pb_slide _builder_version=&#8221;4.20.4&#8243; _module_preset=&#8221;default&#8221; background_color=&#8221;RGBA(255,255,255,0)&#8221; background_enable_color=&#8221;on&#8221; background_image=&#8221;http:\/\/tayka-hoteles.com\/wp-content\/uploads\/2023\/04\/28d39475f0d9fee1e39a264aff9bdab6-slide3.jpg&#8221; background_enable_image=&#8221;on&#8221; custom_padding=&#8221;|0px|200px|0px|false|true&#8221; global_colors_info=&#8221;{}&#8221; sticky_transition=&#8221;on&#8221;]<\/p>\n<p>&nbsp;<\/p>\n<p>Nuestra recepci\u00f3n espera tu llegada, para brindarte un merecido descanso<\/p>\n<p>[\/et_pb_slide][et_pb_slide _builder_version=&#8221;4.20.4&#8243; _module_preset=&#8221;default&#8221; background_color=&#8221;RGBA(255,255,255,0)&#8221; background_enable_color=&#8221;on&#8221; background_image=&#8221;http:\/\/tayka-hoteles.com\/wp-content\/uploads\/2023\/04\/4e18eaaa96dc74908fa52720b7897998-slide0.jpg&#8221; background_enable_image=&#8221;on&#8221; custom_padding=&#8221;|0px|200px|0px|false|true&#8221; global_colors_info=&#8221;{}&#8221; sticky_transition=&#8221;on&#8221;]<\/p>\n<p>&nbsp;<\/p>\n<p>El personal te espera con calidez de hogar<\/p>\n<p>[\/et_pb_slide][\/et_pb_slider][\/et_pb_column][\/et_pb_row][\/et_pb_section]<\/p>\n","protected":false},"excerpt":{"rendered":"<p>La comunidad de SoniqueraA diferencia del resto de los Hoteles Tayka, la Asociaci\u00f3n Comunitaria del Hotel del Desierto se encuentra a varios kil\u00f3metros del Hotel, en la poblaci\u00f3n de Zoniquera. Zoniquera es una poblaci\u00f3n que se encuentra dentro del municipio de Colcha K, a 410 km. Al sud oeste de Potosi \u2013 Bolivia. La regi\u00f3n [&hellip;]<\/p>\n","protected":false},"author":1,"featured_media":0,"parent":0,"menu_order":0,"comment_status":"closed","ping_status":"closed","template":"","meta":{"_et_pb_use_builder":"on","_et_pb_old_content":"","_et_gb_content_width":"","_joinchat":[]},"aioseo_notices":[],"_links":{"self":[{"href":"https:\/\/tayka-hoteles.com\/index.php\/wp-json\/wp\/v2\/pages\/491"}],"collection":[{"href":"https:\/\/tayka-hoteles.com\/index.php\/wp-json\/wp\/v2\/pages"}],"about":[{"href":"https:\/\/tayka-hoteles.com\/index.php\/wp-json\/wp\/v2\/types\/page"}],"author":[{"embeddable":true,"href":"https:\/\/tayka-hoteles.com\/index.php\/wp-json\/wp\/v2\/users\/1"}],"replies":[{"embeddable":true,"href":"https:\/\/tayka-hoteles.com\/index.php\/wp-json\/wp\/v2\/comments?post=491"}],"version-history":[{"count":5,"href":"https:\/\/tayka-hoteles.com\/index.php\/wp-json\/wp\/v2\/pages\/491\/revisions"}],"predecessor-version":[{"id":635,"href":"https:\/\/tayka-hoteles.com\/index.php\/wp-json\/wp\/v2\/pages\/491\/revisions\/635"}],"wp:attachment":[{"href":"https:\/\/tayka-hoteles.com\/index.php\/wp-json\/wp\/v2\/media?parent=491"}],"curies":[{"name":"wp","href":"https:\/\/api.w.org\/{rel}","templated":true}]}}