{"id":478,"date":"2023-04-18T03:48:54","date_gmt":"2023-04-18T03:48:54","guid":{"rendered":"https:\/\/tayka-hoteles.com\/?page_id=478"},"modified":"2023-04-28T02:53:01","modified_gmt":"2023-04-28T02:53:01","slug":"servicios","status":"publish","type":"page","link":"https:\/\/tayka-hoteles.com\/index.php\/servicios\/","title":{"rendered":"servicios"},"content":{"rendered":"<p>[et_pb_section fb_built=&#8221;1&#8243; _builder_version=&#8221;4.20.4&#8243; _module_preset=&#8221;default&#8221; custom_margin=&#8221;-10px|||||&#8221; custom_padding=&#8221;62px||3px|||&#8221; hover_enabled=&#8221;0&#8243; global_colors_info=&#8221;{}&#8221; title_text=&#8221;Soniquera Tayka Hotel&#8221; background_image=&#8221;http:\/\/tayka-hoteles.com\/wp-content\/uploads\/2023\/04\/Soniquera-Tayka-Hotel.jpg&#8221; sticky_enabled=&#8221;0&#8243;][et_pb_row _builder_version=&#8221;4.20.4&#8243; _module_preset=&#8221;default&#8221; custom_padding=&#8221;||||false|false&#8221; hover_enabled=&#8221;0&#8243; global_colors_info=&#8221;{}&#8221; sticky_enabled=&#8221;0&#8243;][et_pb_column type=&#8221;4_4&#8243; _builder_version=&#8221;4.20.4&#8243; _module_preset=&#8221;default&#8221; global_colors_info=&#8221;{}&#8221;][et_pb_text _builder_version=&#8221;4.20.4&#8243; _module_preset=&#8221;12edaa55-0230-49d3-8229-cb5bc412cd8b&#8221; text_font_size=&#8221;15px&#8221; header_2_font=&#8221;Lora|700|||||||&#8221; header_2_text_align=&#8221;center&#8221; header_2_text_color=&#8221;#773735&#8243; header_2_font_size=&#8221;50px&#8221; width=&#8221;100%&#8221; custom_margin=&#8221;||||false|false&#8221; custom_padding=&#8221;|0px||0px|false|true&#8221; hover_enabled=&#8221;0&#8243; global_colors_info=&#8221;{}&#8221; header_font=&#8221;Alata|700|||||||&#8221; sticky_enabled=&#8221;0&#8243; header_text_color=&#8221;#FFFFFF&#8221; header_font_size=&#8221;50px&#8221; header_font_size_last_edited=&#8221;on|phone&#8221; header_font_size_tablet=&#8221;40px&#8221; header_font_size_phone=&#8221;30px&#8221; header_text_align_last_edited=&#8221;on|desktop&#8221; header_text_align_tablet=&#8221;center&#8221; header_text_align_phone=&#8221;center&#8221;]<\/p>\n<h1 style=\"text-align: center;\">Servicios<\/h1>\n<p>[\/et_pb_text][\/et_pb_column][\/et_pb_row][\/et_pb_section][et_pb_section fb_built=&#8221;1&#8243; admin_label=&#8221;Membership&#8221; _builder_version=&#8221;4.20.0&#8243; _module_preset=&#8221;default&#8221; custom_padding=&#8221;5px||5px|||&#8221; collapsed=&#8221;on&#8221; global_colors_info=&#8221;{}&#8221;][et_pb_row _builder_version=&#8221;4.20.4&#8243; _module_preset=&#8221;default&#8221; width=&#8221;90%&#8221; global_colors_info=&#8221;{}&#8221;][et_pb_column type=&#8221;4_4&#8243; _builder_version=&#8221;4.20.4&#8243; _module_preset=&#8221;default&#8221; background_color=&#8221;#FFFFFF&#8221; custom_padding=&#8221;||||false|false&#8221; global_colors_info=&#8221;{}&#8221;][et_pb_text _builder_version=&#8221;4.20.4&#8243; _module_preset=&#8221;4a67fde0-2e35-48ae-bf28-e67573c7ca8b&#8221; custom_margin=&#8221;|0px|||false|false&#8221; custom_margin_tablet=&#8221;|0px|||false|false&#8221; custom_margin_phone=&#8221;|0px|||false|false&#8221; custom_margin_last_edited=&#8221;on|desktop&#8221; custom_padding=&#8221;|0px||0px|false|true&#8221; global_colors_info=&#8221;{}&#8221;]<\/p>\n<p style=\"text-align: center;\"><span>El hotel cuenta con los siguientes servicios:<\/span><\/p>\n<p>[\/et_pb_text][\/et_pb_column][\/et_pb_row][\/et_pb_section][et_pb_section fb_built=&#8221;1&#8243; admin_label=&#8221;Features&#8221; _builder_version=&#8221;4.20.0&#8243; _module_preset=&#8221;default&#8221; collapsed=&#8221;on&#8221; global_colors_info=&#8221;{}&#8221;][et_pb_row column_structure=&#8221;1_2,1_2&#8243; _builder_version=&#8221;4.20.0&#8243; _module_preset=&#8221;default&#8221; global_colors_info=&#8221;{}&#8221;][et_pb_column type=&#8221;1_2&#8243; _builder_version=&#8221;4.20.0&#8243; _module_preset=&#8221;default&#8221; global_colors_info=&#8221;{}&#8221;][et_pb_blurb title=&#8221;Resturant&#8221; image_icon_background_color=&#8221;#FFFFFF&#8221; image=&#8221;http:\/\/tayka-hoteles.com\/wp-content\/uploads\/2023\/04\/restaurante-1.png&#8221; icon_placement=&#8221;top&#8221; image_icon_width=&#8221;25%&#8221; icon_alignment=&#8221;center&#8221; image_icon_background_color_tablet=&#8221;#FFFFFF&#8221; image_icon_background_color_phone=&#8221;#FFFFFF&#8221; image_icon_background_color_last_edited=&#8221;on|phone&#8221; image_icon_width_tablet=&#8221;25%&#8221; image_icon_width_phone=&#8221;30%&#8221; image_icon_width_last_edited=&#8221;on|phone&#8221; _builder_version=&#8221;4.20.4&#8243; _module_preset=&#8221;1ce74633-b1e8-4417-893c-760b36594d87&#8243; header_text_align=&#8221;center&#8221; body_text_align=&#8221;justify&#8221; border_radii_image=&#8221;on|0px|0px|0px|0px&#8221; global_colors_info=&#8221;{}&#8221;]<\/p>\n<p><span>Restaurante y cafeter\u00eda con amplia terraza con vista al desierto. El restaurante ofrece desayuno (incluido), almuerzo, cena, box lunch, almuerzo en ruta, men\u00fa.<\/span><\/p>\n<p>[\/et_pb_blurb][\/et_pb_column][et_pb_column type=&#8221;1_2&#8243; _builder_version=&#8221;4.20.0&#8243; _module_preset=&#8221;default&#8221; global_colors_info=&#8221;{}&#8221;][et_pb_blurb title=&#8221;\u00c1reas comunes&#8221; image_icon_background_color=&#8221;#FFFFFF&#8221; image=&#8221;http:\/\/tayka-hoteles.com\/wp-content\/uploads\/2023\/04\/sala-de-espera-2-1.png&#8221; icon_placement=&#8221;top&#8221; image_icon_width=&#8221;25%&#8221; icon_alignment=&#8221;center&#8221; image_icon_width_tablet=&#8221;25%&#8221; image_icon_width_phone=&#8221;30%&#8221; image_icon_width_last_edited=&#8221;on|phone&#8221; _builder_version=&#8221;4.20.4&#8243; _module_preset=&#8221;1ce74633-b1e8-4417-893c-760b36594d87&#8243; header_text_align=&#8221;center&#8221; body_text_align=&#8221;justify&#8221; border_radii_image=&#8221;on|0px|0px|0px|0px&#8221; global_colors_info=&#8221;{}&#8221;]<\/p>\n<p style=\"text-align: center;\"><span>\u00c1reas comunes hechas de piedra con detalles r\u00fasticos<\/span><\/p>\n<p>[\/et_pb_blurb][\/et_pb_column][\/et_pb_row][et_pb_row column_structure=&#8221;1_2,1_2&#8243; _builder_version=&#8221;4.20.0&#8243; _module_preset=&#8221;default&#8221; global_colors_info=&#8221;{}&#8221;][et_pb_column type=&#8221;1_2&#8243; _builder_version=&#8221;4.20.0&#8243; _module_preset=&#8221;default&#8221; global_colors_info=&#8221;{}&#8221;][et_pb_blurb title=&#8221;Wifi&#8221; image_icon_background_color=&#8221;#FFFFFF&#8221; image=&#8221;http:\/\/tayka-hoteles.com\/wp-content\/uploads\/2023\/04\/router-de-wifi.png&#8221; icon_placement=&#8221;top&#8221; image_icon_width=&#8221;25%&#8221; icon_alignment=&#8221;center&#8221; image_icon_width_tablet=&#8221;25%&#8221; image_icon_width_phone=&#8221;30%&#8221; image_icon_width_last_edited=&#8221;on|phone&#8221; _builder_version=&#8221;4.20.4&#8243; _module_preset=&#8221;1ce74633-b1e8-4417-893c-760b36594d87&#8243; header_text_align=&#8221;center&#8221; body_text_align=&#8221;justify&#8221; border_radii_image=&#8221;on|0px|0px|0px|0px&#8221; global_colors_info=&#8221;{}&#8221;]<\/p>\n<p style=\"text-align: center;\"><span>Disponible en todo el hotel.<\/span><\/p>\n<p>[\/et_pb_blurb][\/et_pb_column][et_pb_column type=&#8221;1_2&#8243; _builder_version=&#8221;4.20.0&#8243; _module_preset=&#8221;default&#8221; global_colors_info=&#8221;{}&#8221;][et_pb_blurb title=&#8221;Electricidad&#8221; image_icon_background_color=&#8221;#FFFFFF&#8221; image=&#8221;http:\/\/tayka-hoteles.com\/wp-content\/uploads\/2023\/04\/electricidad.png&#8221; icon_placement=&#8221;top&#8221; image_icon_width=&#8221;25%&#8221; icon_alignment=&#8221;center&#8221; image_icon_width_tablet=&#8221;25%&#8221; image_icon_width_phone=&#8221;30%&#8221; image_icon_width_last_edited=&#8221;on|phone&#8221; _builder_version=&#8221;4.20.4&#8243; _module_preset=&#8221;1ce74633-b1e8-4417-893c-760b36594d87&#8243; header_text_align=&#8221;center&#8221; body_text_align=&#8221;justify&#8221; border_radii_image=&#8221;on|0px|0px|0px|0px&#8221; global_colors_info=&#8221;{}&#8221;][\/et_pb_blurb][\/et_pb_column][\/et_pb_row][et_pb_row column_structure=&#8221;1_3,1_3,1_3&#8243; _builder_version=&#8221;4.20.4&#8243; _module_preset=&#8221;default&#8221; global_colors_info=&#8221;{}&#8221;][et_pb_column type=&#8221;1_3&#8243; _builder_version=&#8221;4.20.0&#8243; _module_preset=&#8221;default&#8221; global_colors_info=&#8221;{}&#8221;][\/et_pb_column][et_pb_column type=&#8221;1_3&#8243; _builder_version=&#8221;4.20.0&#8243; _module_preset=&#8221;default&#8221; global_colors_info=&#8221;{}&#8221;][et_pb_blurb title=&#8221;Calefacci\u00f3n &#8221; image_icon_background_color=&#8221;#FFFFFF&#8221; image=&#8221;http:\/\/tayka-hoteles.com\/wp-content\/uploads\/2023\/04\/calentador.png&#8221; icon_placement=&#8221;top&#8221; image_icon_width=&#8221;25%&#8221; icon_alignment=&#8221;center&#8221; _builder_version=&#8221;4.20.4&#8243; _module_preset=&#8221;1ce74633-b1e8-4417-893c-760b36594d87&#8243; header_text_align=&#8221;center&#8221; custom_margin=&#8221;|-80px||-81px||&#8221; custom_padding=&#8221;|||0px||&#8221; border_radii_image=&#8221;on|0px|0px|0px|0px&#8221; global_colors_info=&#8221;{}&#8221;][\/et_pb_blurb][\/et_pb_column][et_pb_column type=&#8221;1_3&#8243; _builder_version=&#8221;4.20.0&#8243; _module_preset=&#8221;default&#8221; global_colors_info=&#8221;{}&#8221;][\/et_pb_column][\/et_pb_row][\/et_pb_section]<\/p>\n","protected":false},"excerpt":{"rendered":"<p>ServiciosEl hotel cuenta con los siguientes servicios:Restaurante y cafeter\u00eda con amplia terraza con vista al desierto. El restaurante ofrece desayuno (incluido), almuerzo, cena, box lunch, almuerzo en ruta, men\u00fa.\u00c1reas comunes hechas de piedra con detalles r\u00fasticosDisponible en todo el hotel.<\/p>\n","protected":false},"author":1,"featured_media":0,"parent":0,"menu_order":0,"comment_status":"closed","ping_status":"closed","template":"","meta":{"_et_pb_use_builder":"on","_et_pb_old_content":"","_et_gb_content_width":"","_joinchat":[]},"aioseo_notices":[],"_links":{"self":[{"href":"https:\/\/tayka-hoteles.com\/index.php\/wp-json\/wp\/v2\/pages\/478"}],"collection":[{"href":"https:\/\/tayka-hoteles.com\/index.php\/wp-json\/wp\/v2\/pages"}],"about":[{"href":"https:\/\/tayka-hoteles.com\/index.php\/wp-json\/wp\/v2\/types\/page"}],"author":[{"embeddable":true,"href":"https:\/\/tayka-hoteles.com\/index.php\/wp-json\/wp\/v2\/users\/1"}],"replies":[{"embeddable":true,"href":"https:\/\/tayka-hoteles.com\/index.php\/wp-json\/wp\/v2\/comments?post=478"}],"version-history":[{"count":9,"href":"https:\/\/tayka-hoteles.com\/index.php\/wp-json\/wp\/v2\/pages\/478\/revisions"}],"predecessor-version":[{"id":697,"href":"https:\/\/tayka-hoteles.com\/index.php\/wp-json\/wp\/v2\/pages\/478\/revisions\/697"}],"wp:attachment":[{"href":"https:\/\/tayka-hoteles.com\/index.php\/wp-json\/wp\/v2\/media?parent=478"}],"curies":[{"name":"wp","href":"https:\/\/api.w.org\/{rel}","templated":true}]}}